{"id":794,"date":"2017-09-08T12:39:50","date_gmt":"2017-09-08T12:39:50","guid":{"rendered":"http:\/\/winkler.direct.w0174fbb.kasserver.com\/azienda\/"},"modified":"2018-04-13T07:12:38","modified_gmt":"2018-04-13T07:12:38","slug":"unternehmen","status":"publish","type":"page","link":"https:\/\/winkler.direct\/de\/unternehmen\/","title":{"rendered":"Unternehmen"},"content":{"rendered":"[vc_row type=&#8220;full_width_background&#8220; full_screen_row_position=&#8220;middle&#8220; bg_image=&#8220;775&#8243; bg_position=&#8220;center top&#8220; bg_repeat=&#8220;no-repeat&#8220; scene_position=&#8220;bottom&#8220; layer_one_image=&#8220;525&#8243; layer_two_image=&#8220;539&#8243; text_color=&#8220;light&#8220; text_align=&#8220;left&#8220; top_padding=&#8220;15%&#8220; bottom_padding=&#8220;15%&#8220; overlay_strength=&#8220;0.3&#8243; shape_divider_position=&#8220;bottom&#8220;][vc_column column_padding=&#8220;no-extra-padding&#8220; column_padding_position=&#8220;all&#8220; background_color_opacity=&#8220;1&#8243; background_hover_color_opacity=&#8220;1&#8243; column_shadow=&#8220;none&#8220; column_border_radius=&#8220;none&#8220; width=&#8220;1\/1&#8243; tablet_text_alignment=&#8220;default&#8220; phone_text_alignment=&#8220;default&#8220; column_border_width=&#8220;none&#8220; column_border_style=&#8220;solid&#8220;][\/vc_column][\/vc_row][vc_row type=&#8220;full_width_background&#8220; full_screen_row_position=&#8220;middle&#8220; scene_position=&#8220;center&#8220; text_color=&#8220;dark&#8220; text_align=&#8220;left&#8220; top_padding=&#8220;7%&#8220; bottom_padding=&#8220;7%&#8220; id=&#8220;music&#8220; overlay_strength=&#8220;0.3&#8243; shape_divider_position=&#8220;bottom&#8220;][vc_column centered_text=&#8220;true&#8220; column_padding=&#8220;no-extra-padding&#8220; column_padding_position=&#8220;all&#8220; background_color_opacity=&#8220;1&#8243; background_hover_color_opacity=&#8220;1&#8243; column_shadow=&#8220;none&#8220; column_border_radius=&#8220;none&#8220; width=&#8220;1\/12&#8243; tablet_text_alignment=&#8220;default&#8220; phone_text_alignment=&#8220;default&#8220; column_border_width=&#8220;none&#8220; column_border_style=&#8220;solid&#8220;][\/vc_column][vc_column centered_text=&#8220;true&#8220; column_padding=&#8220;no-extra-padding&#8220; column_padding_position=&#8220;all&#8220; background_color_opacity=&#8220;1&#8243; background_hover_color_opacity=&#8220;1&#8243; column_shadow=&#8220;none&#8220; column_border_radius=&#8220;none&#8220; width=&#8220;5\/6&#8243; tablet_text_alignment=&#8220;default&#8220; phone_text_alignment=&#8220;default&#8220; column_border_width=&#8220;none&#8220; column_border_style=&#8220;solid&#8220;][vc_row_inner column_margin=&#8220;default&#8220; text_align=&#8220;left&#8220;][vc_column_inner enable_animation=&#8220;true&#8220; animation=&#8220;fade-in-from-bottom&#8220; column_padding=&#8220;no-extra-padding&#8220; column_padding_position=&#8220;all&#8220; background_color_opacity=&#8220;1&#8243; background_hover_color_opacity=&#8220;1&#8243; column_shadow=&#8220;none&#8220; column_border_radius=&#8220;none&#8220; width=&#8220;1\/1&#8243; column_border_width=&#8220;none&#8220; column_border_style=&#8220;solid&#8220;][vc_column_text css=&#8220;.vc_custom_1523257506003{margin-bottom: 20px !important;}&#8220;]\n<h6 style=\"text-align: left;\">Unternehmen<\/h6>\n<h2 style=\"text-align: left;\">Wir haben &#8211; wie so viele &#8211; klein angefangen und uns in all den Jahren zu verl\u00e4sslichen Ansprechpartnern von Bodenlegern und -verk\u00e4ufern hochgearbeitet. Mit Einsatz und Flei\u00df, mit Kompetenz und Fachwissen. Schritt f\u00fcr Schritt.<\/h2>\n[\/vc_column_text][\/vc_column_inner][\/vc_row_inner][\/vc_column][vc_column column_padding=&#8220;no-extra-padding&#8220; column_padding_position=&#8220;all&#8220; background_color_opacity=&#8220;1&#8243; background_hover_color_opacity=&#8220;1&#8243; column_shadow=&#8220;none&#8220; column_border_radius=&#8220;none&#8220; width=&#8220;1\/12&#8243; tablet_text_alignment=&#8220;default&#8220; phone_text_alignment=&#8220;default&#8220; column_border_width=&#8220;none&#8220; column_border_style=&#8220;solid&#8220;][\/vc_column][\/vc_row][vc_row type=&#8220;in_container&#8220; full_screen_row_position=&#8220;middle&#8220; scene_position=&#8220;center&#8220; text_color=&#8220;dark&#8220; text_align=&#8220;left&#8220; top_padding=&#8220;10&#8243; id=&#8220;collection&#8220; overlay_strength=&#8220;0.3&#8243; shape_divider_position=&#8220;bottom&#8220;][vc_column column_padding=&#8220;no-extra-padding&#8220; column_padding_position=&#8220;all&#8220; background_color_opacity=&#8220;1&#8243; background_hover_color_opacity=&#8220;1&#8243; column_shadow=&#8220;none&#8220; column_border_radius=&#8220;none&#8220; width=&#8220;1\/2&#8243; tablet_text_alignment=&#8220;default&#8220; phone_text_alignment=&#8220;default&#8220; column_border_width=&#8220;none&#8220; column_border_style=&#8220;solid&#8220;][image_with_animation image_url=&#8220;606&#8243; alignment=&#8220;&#8220; animation=&#8220;Fade In&#8220; border_radius=&#8220;none&#8220; box_shadow=&#8220;none&#8220; max_width=&#8220;100%&#8220;][\/vc_column][vc_column column_padding=&#8220;padding-5-percent&#8220; column_padding_position=&#8220;all&#8220; background_color_opacity=&#8220;1&#8243; background_hover_color_opacity=&#8220;1&#8243; column_shadow=&#8220;none&#8220; column_border_radius=&#8220;none&#8220; width=&#8220;1\/2&#8243; tablet_text_alignment=&#8220;default&#8220; phone_text_alignment=&#8220;default&#8220; column_border_width=&#8220;none&#8220; column_border_style=&#8220;solid&#8220;][vc_column_text]Auch im Alltag setzen wir mit unseren Kunden Schritt f\u00fcr Schritt. Der erste besteht in einer fachkundigen und umfassenden Beratung bei der Auswahl des geeigneten Bodens. Das n\u00f6tige Know-how haben wir in all den Jahren angeh\u00e4uft, die Erfahrung macht uns zu kompetenten Partnern.<\/p>\n<p>Know-how und Erfahrung flie\u00dfen auch in die Auswahl der von uns bezogenen Qualit\u00e4tsb\u00f6den ein, die wir in f\u00fcnf verschiedene Kollektionen unterteilen: von Holzb\u00f6den \u00fcber Laminate bis hin zu Designerb\u00f6den. Auch passende Kehrleisten und alle Accessoires f\u00fcr die fachgerechte Reinigung und Pflege gibt&#8217;s bei uns.<\/p>\n<p>Es sind demnach Tradition und Innovation, die bei uns zusammenflie\u00dfen, es sind Engagement und Zuverl\u00e4ssigkeit, die uns auszeichnen. Der Weg ist dabei klar vorgezeichnet: jener in die Zukunft. Schritt f\u00fcr Schritt.[\/vc_column_text][\/vc_column][\/vc_row][vc_row type=&#8220;in_container&#8220; full_screen_row_position=&#8220;middle&#8220; scene_position=&#8220;center&#8220; text_color=&#8220;dark&#8220; text_align=&#8220;left&#8220; id=&#8220;collection&#8220; overlay_strength=&#8220;0.3&#8243; shape_divider_position=&#8220;bottom&#8220;][vc_column column_padding=&#8220;no-extra-padding&#8220; column_padding_position=&#8220;all&#8220; background_color_opacity=&#8220;1&#8243; background_hover_color_opacity=&#8220;1&#8243; column_shadow=&#8220;none&#8220; column_border_radius=&#8220;none&#8220; width=&#8220;2\/3&#8243; tablet_text_alignment=&#8220;default&#8220; phone_text_alignment=&#8220;default&#8220; column_border_width=&#8220;none&#8220; column_border_style=&#8220;solid&#8220; offset=&#8220;vc_hidden-sm vc_hidden-xs&#8220;][\/vc_column][vc_column column_padding=&#8220;no-extra-padding&#8220; column_padding_position=&#8220;all&#8220; background_color_opacity=&#8220;1&#8243; background_hover_color_opacity=&#8220;1&#8243; column_shadow=&#8220;none&#8220; column_border_radius=&#8220;none&#8220; top_margin=&#8220;-20%&#8220; width=&#8220;1\/3&#8243; tablet_text_alignment=&#8220;default&#8220; phone_text_alignment=&#8220;default&#8220; column_border_width=&#8220;none&#8220; column_border_style=&#8220;solid&#8220;][image_with_animation image_url=&#8220;607&#8243; alignment=&#8220;&#8220; animation=&#8220;Fade In&#8220; border_radius=&#8220;none&#8220; box_shadow=&#8220;none&#8220; max_width=&#8220;100%&#8220;][\/vc_column][\/vc_row][vc_row type=&#8220;full_width_background&#8220; full_screen_row_position=&#8220;middle&#8220; scene_position=&#8220;center&#8220; text_color=&#8220;dark&#8220; text_align=&#8220;left&#8220; bottom_padding=&#8220;7%&#8220; id=&#8220;music&#8220; overlay_strength=&#8220;0.3&#8243; shape_divider_position=&#8220;bottom&#8220;][vc_column centered_text=&#8220;true&#8220; column_padding=&#8220;no-extra-padding&#8220; column_padding_position=&#8220;all&#8220; background_color_opacity=&#8220;1&#8243; background_hover_color_opacity=&#8220;1&#8243; column_shadow=&#8220;none&#8220; column_border_radius=&#8220;none&#8220; width=&#8220;1\/12&#8243; tablet_text_alignment=&#8220;default&#8220; phone_text_alignment=&#8220;default&#8220; column_border_width=&#8220;none&#8220; column_border_style=&#8220;solid&#8220;][\/vc_column][vc_column centered_text=&#8220;true&#8220; column_padding=&#8220;no-extra-padding&#8220; column_padding_position=&#8220;all&#8220; background_color_opacity=&#8220;1&#8243; background_hover_color_opacity=&#8220;1&#8243; column_shadow=&#8220;none&#8220; column_border_radius=&#8220;none&#8220; width=&#8220;5\/6&#8243; tablet_text_alignment=&#8220;default&#8220; phone_text_alignment=&#8220;default&#8220; column_border_width=&#8220;none&#8220; column_border_style=&#8220;solid&#8220;][vc_row_inner column_margin=&#8220;default&#8220; text_align=&#8220;left&#8220;][vc_column_inner enable_animation=&#8220;true&#8220; animation=&#8220;fade-in-from-bottom&#8220; column_padding=&#8220;no-extra-padding&#8220; column_padding_position=&#8220;all&#8220; background_color_opacity=&#8220;1&#8243; background_hover_color_opacity=&#8220;1&#8243; column_shadow=&#8220;none&#8220; column_border_radius=&#8220;none&#8220; width=&#8220;1\/1&#8243; column_border_width=&#8220;none&#8220; column_border_style=&#8220;solid&#8220;][vc_column_text css=&#8220;.vc_custom_1523257609529{margin-bottom: 20px !important;}&#8220;]\n<h6 style=\"text-align: center;\">Winkler<\/h6>\n<h2 style=\"text-align: center;\">Kleine Schritte von der<\/h2>\n<h2 style=\"text-align: center;\">Vergangenheit in die Zukunft<\/h2>\n[\/vc_column_text][\/vc_column_inner][\/vc_row_inner][nectar_icon_list animate=&#8220;true&#8220; color=&#8220;Accent-Color&#8220; icon_size=&#8220;medium&#8220; icon_style=&#8220;border&#8220;][nectar_icon_list_item icon_type=&#8220;numerical&#8220; title=&#8220;List Item&#8220; id=&#8220;1504875498-1-50&#8243; tab_id=&#8220;1504875744891-0&#8243; header=&#8220;1979&#8243; text=&#8220;<\/p>\n<h6>Der erste Schritt<\/h6>\n<p>Winkler Import wurde 1979 in Bozen gegr\u00fcndet. Das Ziel: exklusive B\u00f6den zu importieren und in S\u00fcdtirol zu vertreiben. Als Pionier hat Winkler die ersten damals neuen Holzb\u00f6den aus drei Schichten eingef\u00fchrt &#8211; ein Produkt, das \u00fcber die Jahre auch den Sprung \u00fcber die Landesgrenzen hinaus erm\u00f6glicht hat.&#8220;] [\/nectar_icon_list_item][nectar_icon_list_item icon_type=&#8220;numerical&#8220; title=&#8220;List Item&#8220; id=&#8220;1504875498-2-75&#8243; tab_id=&#8220;1504875745051-0&#8243; header=&#8220;2002&#8243; text=&#8220;<\/p>\n<h6>Entwicklungsschritte<\/h6>\n<p>Weil ein wichtiger Markt nun au\u00dferhalb des Landes lag, wurde die Vertriebsstrategie umgestellt und ein Verkaufs- und Vertriebsnetz in Nord- und Mittelitalien aufgebaut. Zugleich wurde das Sortiment Anfang des neuen Jahrtausends kontinuierlich ausgebaut.&#8220;] [\/nectar_icon_list_item][nectar_icon_list_item icon_type=&#8220;numerical&#8220; title=&#8220;List Item&#8220; id=&#8220;1504876191255-0-7&#8243; tab_id=&#8220;1504876191257-8&#8243; header=&#8220;2010&#8243; text=&#8220;<\/p>\n<h6>Ein wichtiger Schritt<\/h6>\n<p>Um mit dem Firmenwachstum Schritt halten zu k\u00f6nnen, er\u00f6ffnete Winkler 2010 den neuen Sitz in Siebeneich, in dem die B\u00fcros, ein Lager, ein Verkaufs- und ein Weiterbildungsbereich untergebracht sind. Das Unternehmensziel blieb auch am neuen Sitz dasselbe: ein verl\u00e4sslicher, dauerhafter Partner f\u00fcr unsere Kunden zu sein, und zwar nicht zuletzt durch Expertenwissen und Qualit\u00e4tsprodukte. Auf diese k\u00f6nnen Bodenleger und -verk\u00e4ufer in ganz Italien zur\u00fcckgreifen, zudem ist ein breites Produktsortiment verf\u00fcgbar. Das gut ausgestattete Lager erm\u00f6glicht es schlie\u00dflich, schnell und zuverl\u00e4ssig auf Kundenw\u00fcnsche reagieren zu k\u00f6nnen.&#8220;][\/nectar_icon_list_item][nectar_icon_list_item icon_type=&#8220;numerical&#8220; title=&#8220;List Item&#8220; id=&#8220;1504876290763-0-1&#8243; tab_id=&#8220;1504876290765-4&#8243; header=&#8220;2017&#8243; text=&#8220;<\/p>\n<h6>Der n\u00e4chste Schritt<\/h6>\n<p>Nach einem langen, erfolgreichen Weg ist der Moment gekommen, um auch die Marke an die neuen Erfordernisse des Marktes anzupassen. So wird aus Winkler Import die Marke &#8222;Winkler Simple Steps&#8222;. Am Erfolgsrezept \u00e4ndert sich indes nichts: kompetente Beratung, hervorragende Produkte &#8211; immer an der Seite unserer Kunden.&#8220;][\/nectar_icon_list_item][\/nectar_icon_list][vc_row_inner column_margin=&#8220;default&#8220; top_padding=&#8220;10%&#8220; text_align=&#8220;left&#8220; class=&#8220;cta&#8220;][vc_column_inner enable_animation=&#8220;true&#8220; animation=&#8220;fade-in-from-bottom&#8220; column_padding=&#8220;no-extra-padding&#8220; column_padding_position=&#8220;all&#8220; background_color_opacity=&#8220;1&#8243; background_hover_color_opacity=&#8220;1&#8243; column_shadow=&#8220;none&#8220; column_border_radius=&#8220;none&#8220; width=&#8220;1\/1&#8243; column_border_width=&#8220;none&#8220; column_border_style=&#8220;solid&#8220;][vc_column_text css=&#8220;.vc_custom_1523258026348{margin-bottom: 20px !important;}&#8220;]\n<h2 style=\"text-align: left;\">Das Unternehmen verfolgt den Weg der kompetenten Beratung und der exzellenten Prdukte: Ein Weg, den Winkler gemeinsam mit seinen Partnern geht.<\/h2>\n[\/vc_column_text][nectar_btn size=&#8220;large&#8220; button_style=&#8220;regular&#8220; button_color_2=&#8220;Accent-Color&#8220; icon_family=&#8220;default_arrow&#8220; url=&#8220;\/de\/kontakt\/&#8220; text=&#8220;KONTAKTIEREN SIE UNS&#8220; margin_top=&#8220;40&#8243;][\/vc_column_inner][\/vc_row_inner][\/vc_column][vc_column column_padding=&#8220;no-extra-padding&#8220; column_padding_position=&#8220;all&#8220; background_color_opacity=&#8220;1&#8243; background_hover_color_opacity=&#8220;1&#8243; column_shadow=&#8220;none&#8220; column_border_radius=&#8220;none&#8220; width=&#8220;1\/12&#8243; tablet_text_alignment=&#8220;default&#8220; phone_text_alignment=&#8220;default&#8220; column_border_width=&#8220;none&#8220; column_border_style=&#8220;solid&#8220;][\/vc_column][\/vc_row]\n","protected":false},"excerpt":{"rendered":"<p>[vc_row type=&#8220;full_width_background&#8220; full_screen_row_position=&#8220;middle&#8220; bg_image=&#8220;775&#8243; bg_position=&#8220;center top&#8220; bg_repeat=&#8220;no-repeat&#8220; scene_position=&#8220;bottom&#8220; layer_one_image=&#8220;525&#8243; layer_two_image=&#8220;539&#8243; text_color=&#8220;light&#8220; text_align=&#8220;left&#8220; top_padding=&#8220;15%&#8220; bottom_padding=&#8220;15%&#8220; overlay_strength=&#8220;0.3&#8243; shape_divider_position=&#8220;bottom&#8220;][vc_column column_padding=&#8220;no-extra-padding&#8220; column_padding_position=&#8220;all&#8220; background_color_opacity=&#8220;1&#8243; background_hover_color_opacity=&#8220;1&#8243; column_shadow=&#8220;none&#8220; column_border_radius=&#8220;none&#8220; width=&#8220;1\/1&#8243; tablet_text_alignment=&#8220;default&#8220; phone_text_alignment=&#8220;default&#8220; column_border_width=&#8220;none&#8220; column_border_style=&#8220;solid&#8220;][\/vc_column][\/vc_row][vc_row type=&#8220;full_width_background&#8220; full_screen_row_position=&#8220;middle&#8220; scene_position=&#8220;center&#8220;&#8230;<\/p>\n","protected":false},"author":5,"featured_media":0,"parent":0,"menu_order":0,"comment_status":"closed","ping_status":"closed","template":"","meta":{"footnotes":""},"class_list":["post-794","page","type-page","status-publish"],"_links":{"self":[{"href":"https:\/\/winkler.direct\/de\/wp-json\/wp\/v2\/pages\/794","targetHints":{"allow":["GET"]}}],"collection":[{"href":"https:\/\/winkler.direct\/de\/wp-json\/wp\/v2\/pages"}],"about":[{"href":"https:\/\/winkler.direct\/de\/wp-json\/wp\/v2\/types\/page"}],"author":[{"embeddable":true,"href":"https:\/\/winkler.direct\/de\/wp-json\/wp\/v2\/users\/5"}],"replies":[{"embeddable":true,"href":"https:\/\/winkler.direct\/de\/wp-json\/wp\/v2\/comments?post=794"}],"version-history":[{"count":7,"href":"https:\/\/winkler.direct\/de\/wp-json\/wp\/v2\/pages\/794\/revisions"}],"predecessor-version":[{"id":881,"href":"https:\/\/winkler.direct\/de\/wp-json\/wp\/v2\/pages\/794\/revisions\/881"}],"wp:attachment":[{"href":"https:\/\/winkler.direct\/de\/wp-json\/wp\/v2\/media?parent=794"}],"curies":[{"name":"wp","href":"https:\/\/api.w.org\/{rel}","templated":true}]}}